{"id":427,"date":"2021-04-09T22:11:19","date_gmt":"2021-04-09T22:11:19","guid":{"rendered":"http:\/\/studioasario.fr\/?page_id=427"},"modified":"2024-01-14T16:44:21","modified_gmt":"2024-01-14T16:44:21","slug":"collaborations","status":"publish","type":"page","link":"https:\/\/studioasario.fr\/index.php\/jean-marc-rio\/collaborations\/","title":{"rendered":"Collaborations"},"content":{"rendered":"\t\t<div data-elementor-type=\"wp-page\" data-elementor-id=\"427\" class=\"elementor elementor-427\">\n\t\t\t\t\t\t\t\t\t<section class=\"elementor-section elementor-top-section elementor-element elementor-element-f2cab84 elementor-section-boxed elementor-section-height-default elementor-section-height-default\" data-id=\"f2cab84\" data-element_type=\"section\">\n\t\t\t\t\t\t<div class=\"elementor-container elementor-column-gap-default\">\n\t\t\t\t\t<div class=\"elementor-column elementor-col-100 elementor-top-column elementor-element elementor-element-dd54a9a\" data-id=\"dd54a9a\" data-element_type=\"column\">\n\t\t\t<div class=\"elementor-widget-wrap elementor-element-populated\">\n\t\t\t\t\t\t\t\t<div class=\"elementor-element elementor-element-e80930c elementor-widget elementor-widget-text-editor\" data-id=\"e80930c\" data-element_type=\"widget\" data-widget_type=\"text-editor.default\">\n\t\t\t\t<div class=\"elementor-widget-container\">\n\t\t\t\t\t\t\t<p>Jean-Marc Rio est \u00e9galement architecte collaborateur en tant que directeur de projet dans la conception d&rsquo;ouvrages complexes. Engag\u00e9&nbsp; dans le nouveau cycle de vie des b\u00e2timents anciens, dont les monuments historiques, il participe activement aux&nbsp;<span style=\"font-size: 16px; background-color: var( --e-global-color-3b5e640 );\">r\u00e9habilitations,&nbsp; requalifications et extensions. Il intervient aupr\u00e8s des plus grands noms de l&rsquo;architecture pour l&rsquo;\u00e9tude d&rsquo;\u00e9quipements culturels et sportifs (philharmonies, mus\u00e9es, stades, m\u00e9diath\u00e8ques, conservatoires, salles polyvalentes&#8230;). Son exp\u00e9rience se porte \u00e9galement sur des logements, des immeubles de bureaux, des centres commerciaux, des \u00e9coles, des entrep\u00f4ts logistiques&#8230;&nbsp;<\/span><\/p>\n<p>Collaborations class\u00e9es dans l&rsquo;ordre ant\u00e9chronologique :<\/p>\n<ul>\n<li>Savoir-Fair (2023, 2024)<\/li>\n<li>Manuelle Gautrand (2004, 2022, 2023)<\/li>\n<li>Rudy Ricciotti (2021)<\/li>\n<li>Wilmotte &amp; Associ\u00e9s (2004, 2019, 2020)<\/li>\n<li>Valode &amp; Pistre \/ Herzog &amp; de Meuron (2019)<\/li>\n<li>Ateliers Jean Nouvel (2017, 2018)<\/li>\n<li>Oualalou+Choi (2016)<\/li>\n<li>Erik Giudice (2014, 2017)<\/li>\n<li>Scau (2010)<\/li>\n<li>Du Besset-Lyon (2009)<\/li>\n<li>Paul Andreu (2009)<\/li>\n<li>Brigitte M\u00e9tra \/ Ateliers Jean Nouvel (2008,2011)<\/li>\n<li>Renzo Piano Building Workshop (2007)<\/li>\n<li>Jacques Ferrier (2002, 2006)<\/li>\n<li>Architecture Studio (2006)<\/li>\n<li>Jean-Paul Viguier (2005)<\/li>\n<li>Christian Hauvette (2001)<\/li>\n<\/ul>\t\t\t\t\t\t<\/div>\n\t\t\t\t<\/div>\n\t\t\t\t\t<\/div>\n\t\t<\/div>\n\t\t\t\t\t\t\t<\/div>\n\t\t<\/section>\n\t\t\t\t\t\t\t<\/div>\n\t\t","protected":false},"excerpt":{"rendered":"<p>Jean-Marc Rio est \u00e9galement architecte collaborateur en tant que directeur de projet dans la conception d&rsquo;ouvrages complexes. Engag\u00e9&nbsp; dans le nouveau cycle de vie des b\u00e2timents anciens, dont les monuments historiques, il participe activement aux&nbsp;r\u00e9habilitations,&nbsp; requalifications et extensions. Il intervient aupr\u00e8s des plus grands noms de l&rsquo;architecture pour l&rsquo;\u00e9tude d&rsquo;\u00e9quipements culturels et sportifs (philharmonies, mus\u00e9es, &hellip;<\/p>\n<p class=\"read-more\"> <a class=\"\" href=\"https:\/\/studioasario.fr\/index.php\/jean-marc-rio\/collaborations\/\"> <span class=\"screen-reader-text\">Collaborations<\/span> Lire la suite\u00a0\u00bb<\/a><\/p>\n","protected":false},"author":1,"featured_media":0,"parent":394,"menu_order":0,"comment_status":"closed","ping_status":"closed","template":"elementor_header_footer","meta":{"om_disable_all_campaigns":false,"_monsterinsights_skip_tracking":false,"_monsterinsights_sitenote_active":false,"_monsterinsights_sitenote_note":"","_monsterinsights_sitenote_category":0,"footnotes":""},"class_list":["post-427","page","type-page","status-publish","hentry"],"yoast_head":"<!-- This site is optimized with the Yoast SEO plugin v25.3.1 - https:\/\/yoast.com\/wordpress\/plugins\/seo\/ -->\n<title>Collaborations - Studio Asario<\/title>\n<meta name=\"robots\" content=\"index, follow, max-snippet:-1, max-image-preview:large, max-video-preview:-1\" \/>\n<link rel=\"canonical\" href=\"https:\/\/studioasario.fr\/index.php\/jean-marc-rio\/collaborations\/\" \/>\n<meta property=\"og:locale\" content=\"fr_FR\" \/>\n<meta property=\"og:type\" content=\"article\" \/>\n<meta property=\"og:title\" content=\"Collaborations - Studio Asario\" \/>\n<meta property=\"og:description\" content=\"Jean-Marc Rio est \u00e9galement architecte collaborateur en tant que directeur de projet dans la conception d&rsquo;ouvrages complexes. Engag\u00e9&nbsp; dans le nouveau cycle de vie des b\u00e2timents anciens, dont les monuments historiques, il participe activement aux&nbsp;r\u00e9habilitations,&nbsp; requalifications et extensions. Il intervient aupr\u00e8s des plus grands noms de l&rsquo;architecture pour l&rsquo;\u00e9tude d&rsquo;\u00e9quipements culturels et sportifs (philharmonies, mus\u00e9es, &hellip; Collaborations Lire la suite\u00a0\u00bb\" \/>\n<meta property=\"og:url\" content=\"https:\/\/studioasario.fr\/index.php\/jean-marc-rio\/collaborations\/\" \/>\n<meta property=\"og:site_name\" content=\"Studio Asario\" \/>\n<meta property=\"article:modified_time\" content=\"2024-01-14T16:44:21+00:00\" \/>\n<meta name=\"twitter:card\" content=\"summary_large_image\" \/>\n<meta name=\"twitter:label1\" content=\"Dur\u00e9e de lecture estim\u00e9e\" \/>\n\t<meta name=\"twitter:data1\" content=\"1 minute\" \/>\n<script type=\"application\/ld+json\" class=\"yoast-schema-graph\">{\"@context\":\"https:\/\/schema.org\",\"@graph\":[{\"@type\":\"WebPage\",\"@id\":\"https:\/\/studioasario.fr\/index.php\/jean-marc-rio\/collaborations\/\",\"url\":\"https:\/\/studioasario.fr\/index.php\/jean-marc-rio\/collaborations\/\",\"name\":\"Collaborations - Studio Asario\",\"isPartOf\":{\"@id\":\"https:\/\/studioasario.fr\/#website\"},\"datePublished\":\"2021-04-09T22:11:19+00:00\",\"dateModified\":\"2024-01-14T16:44:21+00:00\",\"breadcrumb\":{\"@id\":\"https:\/\/studioasario.fr\/index.php\/jean-marc-rio\/collaborations\/#breadcrumb\"},\"inLanguage\":\"fr-FR\",\"potentialAction\":[{\"@type\":\"ReadAction\",\"target\":[\"https:\/\/studioasario.fr\/index.php\/jean-marc-rio\/collaborations\/\"]}]},{\"@type\":\"BreadcrumbList\",\"@id\":\"https:\/\/studioasario.fr\/index.php\/jean-marc-rio\/collaborations\/#breadcrumb\",\"itemListElement\":[{\"@type\":\"ListItem\",\"position\":1,\"name\":\"Home\",\"item\":\"https:\/\/studioasario.fr\/\"},{\"@type\":\"ListItem\",\"position\":2,\"name\":\"Jean-Marc Rio Architecte\",\"item\":\"https:\/\/studioasario.fr\/index.php\/jean-marc-rio\/\"},{\"@type\":\"ListItem\",\"position\":3,\"name\":\"Collaborations\"}]},{\"@type\":\"WebSite\",\"@id\":\"https:\/\/studioasario.fr\/#website\",\"url\":\"https:\/\/studioasario.fr\/\",\"name\":\"Studio Asario\",\"description\":\"\",\"publisher\":{\"@id\":\"https:\/\/studioasario.fr\/#organization\"},\"potentialAction\":[{\"@type\":\"SearchAction\",\"target\":{\"@type\":\"EntryPoint\",\"urlTemplate\":\"https:\/\/studioasario.fr\/?s={search_term_string}\"},\"query-input\":{\"@type\":\"PropertyValueSpecification\",\"valueRequired\":true,\"valueName\":\"search_term_string\"}}],\"inLanguage\":\"fr-FR\"},{\"@type\":\"Organization\",\"@id\":\"https:\/\/studioasario.fr\/#organization\",\"name\":\"Studio Asario\",\"url\":\"https:\/\/studioasario.fr\/\",\"logo\":{\"@type\":\"ImageObject\",\"inLanguage\":\"fr-FR\",\"@id\":\"https:\/\/studioasario.fr\/#\/schema\/logo\/image\/\",\"url\":\"https:\/\/studioasario.fr\/wp-content\/uploads\/2021\/04\/studio-asario-210427-1.svg\",\"contentUrl\":\"https:\/\/studioasario.fr\/wp-content\/uploads\/2021\/04\/studio-asario-210427-1.svg\",\"caption\":\"Studio Asario\"},\"image\":{\"@id\":\"https:\/\/studioasario.fr\/#\/schema\/logo\/image\/\"}}]}<\/script>\n<!-- \/ Yoast SEO plugin. -->","yoast_head_json":{"title":"Collaborations - Studio Asario","robots":{"index":"index","follow":"follow","max-snippet":"max-snippet:-1","max-image-preview":"max-image-preview:large","max-video-preview":"max-video-preview:-1"},"canonical":"https:\/\/studioasario.fr\/index.php\/jean-marc-rio\/collaborations\/","og_locale":"fr_FR","og_type":"article","og_title":"Collaborations - Studio Asario","og_description":"Jean-Marc Rio est \u00e9galement architecte collaborateur en tant que directeur de projet dans la conception d&rsquo;ouvrages complexes. Engag\u00e9&nbsp; dans le nouveau cycle de vie des b\u00e2timents anciens, dont les monuments historiques, il participe activement aux&nbsp;r\u00e9habilitations,&nbsp; requalifications et extensions. Il intervient aupr\u00e8s des plus grands noms de l&rsquo;architecture pour l&rsquo;\u00e9tude d&rsquo;\u00e9quipements culturels et sportifs (philharmonies, mus\u00e9es, &hellip; Collaborations Lire la suite\u00a0\u00bb","og_url":"https:\/\/studioasario.fr\/index.php\/jean-marc-rio\/collaborations\/","og_site_name":"Studio Asario","article_modified_time":"2024-01-14T16:44:21+00:00","twitter_card":"summary_large_image","twitter_misc":{"Dur\u00e9e de lecture estim\u00e9e":"1 minute"},"schema":{"@context":"https:\/\/schema.org","@graph":[{"@type":"WebPage","@id":"https:\/\/studioasario.fr\/index.php\/jean-marc-rio\/collaborations\/","url":"https:\/\/studioasario.fr\/index.php\/jean-marc-rio\/collaborations\/","name":"Collaborations - Studio Asario","isPartOf":{"@id":"https:\/\/studioasario.fr\/#website"},"datePublished":"2021-04-09T22:11:19+00:00","dateModified":"2024-01-14T16:44:21+00:00","breadcrumb":{"@id":"https:\/\/studioasario.fr\/index.php\/jean-marc-rio\/collaborations\/#breadcrumb"},"inLanguage":"fr-FR","potentialAction":[{"@type":"ReadAction","target":["https:\/\/studioasario.fr\/index.php\/jean-marc-rio\/collaborations\/"]}]},{"@type":"BreadcrumbList","@id":"https:\/\/studioasario.fr\/index.php\/jean-marc-rio\/collaborations\/#breadcrumb","itemListElement":[{"@type":"ListItem","position":1,"name":"Home","item":"https:\/\/studioasario.fr\/"},{"@type":"ListItem","position":2,"name":"Jean-Marc Rio Architecte","item":"https:\/\/studioasario.fr\/index.php\/jean-marc-rio\/"},{"@type":"ListItem","position":3,"name":"Collaborations"}]},{"@type":"WebSite","@id":"https:\/\/studioasario.fr\/#website","url":"https:\/\/studioasario.fr\/","name":"Studio Asario","description":"","publisher":{"@id":"https:\/\/studioasario.fr\/#organization"},"potentialAction":[{"@type":"SearchAction","target":{"@type":"EntryPoint","urlTemplate":"https:\/\/studioasario.fr\/?s={search_term_string}"},"query-input":{"@type":"PropertyValueSpecification","valueRequired":true,"valueName":"search_term_string"}}],"inLanguage":"fr-FR"},{"@type":"Organization","@id":"https:\/\/studioasario.fr\/#organization","name":"Studio Asario","url":"https:\/\/studioasario.fr\/","logo":{"@type":"ImageObject","inLanguage":"fr-FR","@id":"https:\/\/studioasario.fr\/#\/schema\/logo\/image\/","url":"https:\/\/studioasario.fr\/wp-content\/uploads\/2021\/04\/studio-asario-210427-1.svg","contentUrl":"https:\/\/studioasario.fr\/wp-content\/uploads\/2021\/04\/studio-asario-210427-1.svg","caption":"Studio Asario"},"image":{"@id":"https:\/\/studioasario.fr\/#\/schema\/logo\/image\/"}}]}},"_links":{"self":[{"href":"https:\/\/studioasario.fr\/index.php\/wp-json\/wp\/v2\/pages\/427","targetHints":{"allow":["GET"]}}],"collection":[{"href":"https:\/\/studioasario.fr\/index.php\/wp-json\/wp\/v2\/pages"}],"about":[{"href":"https:\/\/studioasario.fr\/index.php\/wp-json\/wp\/v2\/types\/page"}],"author":[{"embeddable":true,"href":"https:\/\/studioasario.fr\/index.php\/wp-json\/wp\/v2\/users\/1"}],"replies":[{"embeddable":true,"href":"https:\/\/studioasario.fr\/index.php\/wp-json\/wp\/v2\/comments?post=427"}],"version-history":[{"count":23,"href":"https:\/\/studioasario.fr\/index.php\/wp-json\/wp\/v2\/pages\/427\/revisions"}],"predecessor-version":[{"id":1319,"href":"https:\/\/studioasario.fr\/index.php\/wp-json\/wp\/v2\/pages\/427\/revisions\/1319"}],"up":[{"embeddable":true,"href":"https:\/\/studioasario.fr\/index.php\/wp-json\/wp\/v2\/pages\/394"}],"wp:attachment":[{"href":"https:\/\/studioasario.fr\/index.php\/wp-json\/wp\/v2\/media?parent=427"}],"curies":[{"name":"wp","href":"https:\/\/api.w.org\/{rel}","templated":true}]}}