{"id":1058,"date":"2021-04-27T21:17:15","date_gmt":"2021-04-27T21:17:15","guid":{"rendered":"http:\/\/studioasario.fr\/?page_id=1058"},"modified":"2021-04-28T22:41:34","modified_gmt":"2021-04-28T22:41:34","slug":"complexe-musical-de-tokyo","status":"publish","type":"page","link":"https:\/\/studioasario.fr\/index.php\/architectures\/complexe-musical-de-tokyo\/","title":{"rendered":"Complexe musical de Tokyo"},"content":{"rendered":"\t\t<div data-elementor-type=\"wp-page\" data-elementor-id=\"1058\" class=\"elementor elementor-1058\">\n\t\t\t\t\t\t\t\t\t<section class=\"elementor-section elementor-top-section elementor-element elementor-element-1d1c2a34 elementor-section-boxed elementor-section-height-default elementor-section-height-default\" data-id=\"1d1c2a34\" data-element_type=\"section\">\n\t\t\t\t\t\t<div class=\"elementor-container elementor-column-gap-default\">\n\t\t\t\t\t<div class=\"elementor-column elementor-col-100 elementor-top-column elementor-element elementor-element-362d4156\" data-id=\"362d4156\" data-element_type=\"column\">\n\t\t\t<div class=\"elementor-widget-wrap elementor-element-populated\">\n\t\t\t\t\t\t\t\t<div class=\"elementor-element elementor-element-77ec35c2 elementor-widget elementor-widget-image\" data-id=\"77ec35c2\" data-element_type=\"widget\" data-widget_type=\"image.default\">\n\t\t\t\t<div class=\"elementor-widget-container\">\n\t\t\t\t\t\t\t\t\t\t\t\t\t\t\t<img loading=\"lazy\" decoding=\"async\" width=\"1024\" height=\"640\" src=\"https:\/\/studioasario.fr\/wp-content\/uploads\/2021\/04\/Tokyo-symphony-complex-01-1024x640.jpg\" class=\"attachment-large size-large wp-image-1057\" alt=\"\" srcset=\"https:\/\/studioasario.fr\/wp-content\/uploads\/2021\/04\/Tokyo-symphony-complex-01-1024x640.jpg 1024w, https:\/\/studioasario.fr\/wp-content\/uploads\/2021\/04\/Tokyo-symphony-complex-01-300x188.jpg 300w, https:\/\/studioasario.fr\/wp-content\/uploads\/2021\/04\/Tokyo-symphony-complex-01-768x480.jpg 768w, https:\/\/studioasario.fr\/wp-content\/uploads\/2021\/04\/Tokyo-symphony-complex-01-1536x960.jpg 1536w, https:\/\/studioasario.fr\/wp-content\/uploads\/2021\/04\/Tokyo-symphony-complex-01-2048x1280.jpg 2048w\" sizes=\"auto, (max-width: 1024px) 100vw, 1024px\" \/>\t\t\t\t\t\t\t\t\t\t\t\t\t\t\t<\/div>\n\t\t\t\t<\/div>\n\t\t\t\t<div class=\"elementor-element elementor-element-789fb795 elementor-widget elementor-widget-text-editor\" data-id=\"789fb795\" data-element_type=\"widget\" data-widget_type=\"text-editor.default\">\n\t\t\t\t<div class=\"elementor-widget-container\">\n\t\t\t\t\t\t\t<h5>Complexe musical de Tokyo<\/h5>\t\t\t\t\t\t<\/div>\n\t\t\t\t<\/div>\n\t\t\t\t\t<\/div>\n\t\t<\/div>\n\t\t\t\t\t\t\t<\/div>\n\t\t<\/section>\n\t\t\t\t<section class=\"elementor-section elementor-top-section elementor-element elementor-element-5dc0c5a9 elementor-section-boxed elementor-section-height-default elementor-section-height-default\" data-id=\"5dc0c5a9\" data-element_type=\"section\">\n\t\t\t\t\t\t<div class=\"elementor-container elementor-column-gap-default\">\n\t\t\t\t\t<div class=\"elementor-column elementor-col-100 elementor-top-column elementor-element elementor-element-6f1b2440\" data-id=\"6f1b2440\" data-element_type=\"column\">\n\t\t\t<div class=\"elementor-widget-wrap elementor-element-populated\">\n\t\t\t\t\t\t\t\t<div class=\"elementor-element elementor-element-7486163b elementor-widget elementor-widget-text-editor\" data-id=\"7486163b\" data-element_type=\"widget\" data-widget_type=\"text-editor.default\">\n\t\t\t\t<div class=\"elementor-widget-container\">\n\t\t\t\t\t\t\t<p><span style=\"color: #000000;\"><strong>Equipement Culturel, concours. 2015<\/strong><\/span><\/p><p><span style=\"color: #000000;\">Etude pour l&rsquo;insertion d&rsquo;une salle de musique de 1800 places dans une figure g\u00e9om\u00e9trique symbolique : l&rsquo;oeuf.<\/span><\/p><p><span style=\"color: #000000;\">Fa\u00e7ade constitu\u00e9e d&rsquo;une double coque avec rev\u00eatement en zinc et panneaux photovolta\u00efques. Volume int\u00e9rieur constitu\u00e9 de r\u00e9flecteurs acoustiques orient\u00e9s.<\/span><\/p>\t\t\t\t\t\t<\/div>\n\t\t\t\t<\/div>\n\t\t\t\t\t<\/div>\n\t\t<\/div>\n\t\t\t\t\t\t\t<\/div>\n\t\t<\/section>\n\t\t\t\t<section class=\"elementor-section elementor-top-section elementor-element elementor-element-26b4b22d elementor-section-full_width elementor-section-height-default elementor-section-height-default\" data-id=\"26b4b22d\" data-element_type=\"section\">\n\t\t\t\t\t\t<div class=\"elementor-container elementor-column-gap-default\">\n\t\t\t\t\t<div class=\"elementor-column elementor-col-100 elementor-top-column elementor-element elementor-element-1fb37c4c\" data-id=\"1fb37c4c\" data-element_type=\"column\">\n\t\t\t<div class=\"elementor-widget-wrap elementor-element-populated\">\n\t\t\t\t\t\t\t\t<div class=\"elementor-element elementor-element-62056f82 elementor-widget elementor-widget-gallery\" data-id=\"62056f82\" data-element_type=\"widget\" data-settings=\"{&quot;gallery_layout&quot;:&quot;justified&quot;,&quot;ideal_row_height&quot;:{&quot;unit&quot;:&quot;px&quot;,&quot;size&quot;:209,&quot;sizes&quot;:[]},&quot;gap&quot;:{&quot;unit&quot;:&quot;px&quot;,&quot;size&quot;:2,&quot;sizes&quot;:[]},&quot;lazyload&quot;:&quot;yes&quot;,&quot;ideal_row_height_tablet&quot;:{&quot;unit&quot;:&quot;px&quot;,&quot;size&quot;:150,&quot;sizes&quot;:[]},&quot;ideal_row_height_mobile&quot;:{&quot;unit&quot;:&quot;px&quot;,&quot;size&quot;:150,&quot;sizes&quot;:[]},&quot;gap_tablet&quot;:{&quot;unit&quot;:&quot;px&quot;,&quot;size&quot;:10,&quot;sizes&quot;:[]},&quot;gap_mobile&quot;:{&quot;unit&quot;:&quot;px&quot;,&quot;size&quot;:10,&quot;sizes&quot;:[]},&quot;link_to&quot;:&quot;file&quot;,&quot;content_hover_animation&quot;:&quot;fade-in&quot;}\" data-widget_type=\"gallery.default\">\n\t\t\t\t<div class=\"elementor-widget-container\">\n\t\t\t\t\t<div class=\"elementor-gallery__container\">\n\t\t\t\t\t\t\t<a class=\"e-gallery-item elementor-gallery-item elementor-animated-content\" href=\"https:\/\/studioasario.fr\/wp-content\/uploads\/2021\/04\/Tokyo-symphony-complex-01.jpg\" data-elementor-open-lightbox=\"yes\" data-elementor-lightbox-slideshow=\"all-62056f82\" data-elementor-lightbox-title=\"Tokyo symphony complex 01\" data-e-action-hash=\"#elementor-action%3Aaction%3Dlightbox%26settings%3DeyJpZCI6MTA1NywidXJsIjoiaHR0cHM6XC9cL3N0dWRpb2FzYXJpby5mclwvd3AtY29udGVudFwvdXBsb2Fkc1wvMjAyMVwvMDRcL1Rva3lvLXN5bXBob255LWNvbXBsZXgtMDEuanBnIiwic2xpZGVzaG93IjoiYWxsLTYyMDU2ZjgyIn0%3D\">\n\t\t\t\t\t<div class=\"e-gallery-image elementor-gallery-item__image\" data-thumbnail=\"https:\/\/studioasario.fr\/wp-content\/uploads\/2021\/04\/Tokyo-symphony-complex-01-1024x640.jpg\" data-width=\"1024\" data-height=\"640\" aria-label=\"\" role=\"img\" ><\/div>\n\t\t\t\t\t\t\t\t\t\t\t\t\t\t<\/a>\n\t\t\t\t\t\t\t<a class=\"e-gallery-item elementor-gallery-item elementor-animated-content\" href=\"https:\/\/studioasario.fr\/wp-content\/uploads\/2021\/04\/02-tokyo-symphony-complex.jpg\" data-elementor-open-lightbox=\"yes\" data-elementor-lightbox-slideshow=\"all-62056f82\" data-elementor-lightbox-title=\"02-tokyo-symphony-complex\" data-e-action-hash=\"#elementor-action%3Aaction%3Dlightbox%26settings%3DeyJpZCI6MTA1NiwidXJsIjoiaHR0cHM6XC9cL3N0dWRpb2FzYXJpby5mclwvd3AtY29udGVudFwvdXBsb2Fkc1wvMjAyMVwvMDRcLzAyLXRva3lvLXN5bXBob255LWNvbXBsZXguanBnIiwic2xpZGVzaG93IjoiYWxsLTYyMDU2ZjgyIn0%3D\">\n\t\t\t\t\t<div class=\"e-gallery-image elementor-gallery-item__image\" data-thumbnail=\"https:\/\/studioasario.fr\/wp-content\/uploads\/2021\/04\/02-tokyo-symphony-complex-1024x756.jpg\" data-width=\"1024\" data-height=\"756\" aria-label=\"\" role=\"img\" ><\/div>\n\t\t\t\t\t\t\t\t\t\t\t\t\t\t<\/a>\n\t\t\t\t\t<\/div>\n\t\t\t<\/div>\n\t\t\t\t<\/div>\n\t\t\t\t\t<\/div>\n\t\t<\/div>\n\t\t\t\t\t\t\t<\/div>\n\t\t<\/section>\n\t\t\t\t\t\t\t<\/div>\n\t\t","protected":false},"excerpt":{"rendered":"<p>Complexe musical de Tokyo Equipement Culturel, concours. 2015 Etude pour l&rsquo;insertion d&rsquo;une salle de musique de 1800 places dans une figure g\u00e9om\u00e9trique symbolique : l&rsquo;oeuf. Fa\u00e7ade constitu\u00e9e d&rsquo;une double coque avec rev\u00eatement en zinc et panneaux photovolta\u00efques. Volume int\u00e9rieur constitu\u00e9 de r\u00e9flecteurs acoustiques orient\u00e9s.<\/p>\n","protected":false},"author":1,"featured_media":1057,"parent":9,"menu_order":0,"comment_status":"closed","ping_status":"closed","template":"elementor_header_footer","meta":{"om_disable_all_campaigns":false,"_monsterinsights_skip_tracking":false,"_monsterinsights_sitenote_active":false,"_monsterinsights_sitenote_note":"","_monsterinsights_sitenote_category":0,"footnotes":""},"class_list":["post-1058","page","type-page","status-publish","has-post-thumbnail","hentry"],"yoast_head":"<!-- This site is optimized with the Yoast SEO plugin v25.3.1 - https:\/\/yoast.com\/wordpress\/plugins\/seo\/ -->\n<title>Complexe musical de Tokyo - Studio Asario<\/title>\n<meta name=\"robots\" content=\"index, follow, max-snippet:-1, max-image-preview:large, max-video-preview:-1\" \/>\n<link rel=\"canonical\" href=\"https:\/\/studioasario.fr\/index.php\/architectures\/complexe-musical-de-tokyo\/\" \/>\n<meta property=\"og:locale\" content=\"fr_FR\" \/>\n<meta property=\"og:type\" content=\"article\" \/>\n<meta property=\"og:title\" content=\"Complexe musical de Tokyo - Studio Asario\" \/>\n<meta property=\"og:description\" content=\"Complexe musical de Tokyo Equipement Culturel, concours. 2015 Etude pour l&rsquo;insertion d&rsquo;une salle de musique de 1800 places dans une figure g\u00e9om\u00e9trique symbolique : l&rsquo;oeuf. Fa\u00e7ade constitu\u00e9e d&rsquo;une double coque avec rev\u00eatement en zinc et panneaux photovolta\u00efques. Volume int\u00e9rieur constitu\u00e9 de r\u00e9flecteurs acoustiques orient\u00e9s.\" \/>\n<meta property=\"og:url\" content=\"https:\/\/studioasario.fr\/index.php\/architectures\/complexe-musical-de-tokyo\/\" \/>\n<meta property=\"og:site_name\" content=\"Studio Asario\" \/>\n<meta property=\"article:modified_time\" content=\"2021-04-28T22:41:34+00:00\" \/>\n<meta property=\"og:image\" content=\"http:\/\/studioasario.fr\/wp-content\/uploads\/2021\/04\/Tokyo-symphony-complex-01.jpg\" \/>\n\t<meta property=\"og:image:width\" content=\"2268\" \/>\n\t<meta property=\"og:image:height\" content=\"1418\" \/>\n\t<meta property=\"og:image:type\" content=\"image\/jpeg\" \/>\n<meta name=\"twitter:card\" content=\"summary_large_image\" \/>\n<meta name=\"twitter:label1\" content=\"Dur\u00e9e de lecture estim\u00e9e\" \/>\n\t<meta name=\"twitter:data1\" content=\"1 minute\" \/>\n<script type=\"application\/ld+json\" class=\"yoast-schema-graph\">{\"@context\":\"https:\/\/schema.org\",\"@graph\":[{\"@type\":\"WebPage\",\"@id\":\"https:\/\/studioasario.fr\/index.php\/architectures\/complexe-musical-de-tokyo\/\",\"url\":\"https:\/\/studioasario.fr\/index.php\/architectures\/complexe-musical-de-tokyo\/\",\"name\":\"Complexe musical de Tokyo - Studio Asario\",\"isPartOf\":{\"@id\":\"https:\/\/studioasario.fr\/#website\"},\"primaryImageOfPage\":{\"@id\":\"https:\/\/studioasario.fr\/index.php\/architectures\/complexe-musical-de-tokyo\/#primaryimage\"},\"image\":{\"@id\":\"https:\/\/studioasario.fr\/index.php\/architectures\/complexe-musical-de-tokyo\/#primaryimage\"},\"thumbnailUrl\":\"https:\/\/studioasario.fr\/wp-content\/uploads\/2021\/04\/Tokyo-symphony-complex-01.jpg\",\"datePublished\":\"2021-04-27T21:17:15+00:00\",\"dateModified\":\"2021-04-28T22:41:34+00:00\",\"breadcrumb\":{\"@id\":\"https:\/\/studioasario.fr\/index.php\/architectures\/complexe-musical-de-tokyo\/#breadcrumb\"},\"inLanguage\":\"fr-FR\",\"potentialAction\":[{\"@type\":\"ReadAction\",\"target\":[\"https:\/\/studioasario.fr\/index.php\/architectures\/complexe-musical-de-tokyo\/\"]}]},{\"@type\":\"ImageObject\",\"inLanguage\":\"fr-FR\",\"@id\":\"https:\/\/studioasario.fr\/index.php\/architectures\/complexe-musical-de-tokyo\/#primaryimage\",\"url\":\"https:\/\/studioasario.fr\/wp-content\/uploads\/2021\/04\/Tokyo-symphony-complex-01.jpg\",\"contentUrl\":\"https:\/\/studioasario.fr\/wp-content\/uploads\/2021\/04\/Tokyo-symphony-complex-01.jpg\",\"width\":2268,\"height\":1418},{\"@type\":\"BreadcrumbList\",\"@id\":\"https:\/\/studioasario.fr\/index.php\/architectures\/complexe-musical-de-tokyo\/#breadcrumb\",\"itemListElement\":[{\"@type\":\"ListItem\",\"position\":1,\"name\":\"Home\",\"item\":\"https:\/\/studioasario.fr\/\"},{\"@type\":\"ListItem\",\"position\":2,\"name\":\"Architectures\",\"item\":\"https:\/\/studioasario.fr\/\"},{\"@type\":\"ListItem\",\"position\":3,\"name\":\"Complexe musical de Tokyo\"}]},{\"@type\":\"WebSite\",\"@id\":\"https:\/\/studioasario.fr\/#website\",\"url\":\"https:\/\/studioasario.fr\/\",\"name\":\"Studio Asario\",\"description\":\"\",\"publisher\":{\"@id\":\"https:\/\/studioasario.fr\/#organization\"},\"potentialAction\":[{\"@type\":\"SearchAction\",\"target\":{\"@type\":\"EntryPoint\",\"urlTemplate\":\"https:\/\/studioasario.fr\/?s={search_term_string}\"},\"query-input\":{\"@type\":\"PropertyValueSpecification\",\"valueRequired\":true,\"valueName\":\"search_term_string\"}}],\"inLanguage\":\"fr-FR\"},{\"@type\":\"Organization\",\"@id\":\"https:\/\/studioasario.fr\/#organization\",\"name\":\"Studio Asario\",\"url\":\"https:\/\/studioasario.fr\/\",\"logo\":{\"@type\":\"ImageObject\",\"inLanguage\":\"fr-FR\",\"@id\":\"https:\/\/studioasario.fr\/#\/schema\/logo\/image\/\",\"url\":\"https:\/\/studioasario.fr\/wp-content\/uploads\/2021\/04\/studio-asario-210427-1.svg\",\"contentUrl\":\"https:\/\/studioasario.fr\/wp-content\/uploads\/2021\/04\/studio-asario-210427-1.svg\",\"caption\":\"Studio Asario\"},\"image\":{\"@id\":\"https:\/\/studioasario.fr\/#\/schema\/logo\/image\/\"}}]}<\/script>\n<!-- \/ Yoast SEO plugin. -->","yoast_head_json":{"title":"Complexe musical de Tokyo - Studio Asario","robots":{"index":"index","follow":"follow","max-snippet":"max-snippet:-1","max-image-preview":"max-image-preview:large","max-video-preview":"max-video-preview:-1"},"canonical":"https:\/\/studioasario.fr\/index.php\/architectures\/complexe-musical-de-tokyo\/","og_locale":"fr_FR","og_type":"article","og_title":"Complexe musical de Tokyo - Studio Asario","og_description":"Complexe musical de Tokyo Equipement Culturel, concours. 2015 Etude pour l&rsquo;insertion d&rsquo;une salle de musique de 1800 places dans une figure g\u00e9om\u00e9trique symbolique : l&rsquo;oeuf. Fa\u00e7ade constitu\u00e9e d&rsquo;une double coque avec rev\u00eatement en zinc et panneaux photovolta\u00efques. Volume int\u00e9rieur constitu\u00e9 de r\u00e9flecteurs acoustiques orient\u00e9s.","og_url":"https:\/\/studioasario.fr\/index.php\/architectures\/complexe-musical-de-tokyo\/","og_site_name":"Studio Asario","article_modified_time":"2021-04-28T22:41:34+00:00","og_image":[{"width":2268,"height":1418,"url":"http:\/\/studioasario.fr\/wp-content\/uploads\/2021\/04\/Tokyo-symphony-complex-01.jpg","type":"image\/jpeg"}],"twitter_card":"summary_large_image","twitter_misc":{"Dur\u00e9e de lecture estim\u00e9e":"1 minute"},"schema":{"@context":"https:\/\/schema.org","@graph":[{"@type":"WebPage","@id":"https:\/\/studioasario.fr\/index.php\/architectures\/complexe-musical-de-tokyo\/","url":"https:\/\/studioasario.fr\/index.php\/architectures\/complexe-musical-de-tokyo\/","name":"Complexe musical de Tokyo - Studio Asario","isPartOf":{"@id":"https:\/\/studioasario.fr\/#website"},"primaryImageOfPage":{"@id":"https:\/\/studioasario.fr\/index.php\/architectures\/complexe-musical-de-tokyo\/#primaryimage"},"image":{"@id":"https:\/\/studioasario.fr\/index.php\/architectures\/complexe-musical-de-tokyo\/#primaryimage"},"thumbnailUrl":"https:\/\/studioasario.fr\/wp-content\/uploads\/2021\/04\/Tokyo-symphony-complex-01.jpg","datePublished":"2021-04-27T21:17:15+00:00","dateModified":"2021-04-28T22:41:34+00:00","breadcrumb":{"@id":"https:\/\/studioasario.fr\/index.php\/architectures\/complexe-musical-de-tokyo\/#breadcrumb"},"inLanguage":"fr-FR","potentialAction":[{"@type":"ReadAction","target":["https:\/\/studioasario.fr\/index.php\/architectures\/complexe-musical-de-tokyo\/"]}]},{"@type":"ImageObject","inLanguage":"fr-FR","@id":"https:\/\/studioasario.fr\/index.php\/architectures\/complexe-musical-de-tokyo\/#primaryimage","url":"https:\/\/studioasario.fr\/wp-content\/uploads\/2021\/04\/Tokyo-symphony-complex-01.jpg","contentUrl":"https:\/\/studioasario.fr\/wp-content\/uploads\/2021\/04\/Tokyo-symphony-complex-01.jpg","width":2268,"height":1418},{"@type":"BreadcrumbList","@id":"https:\/\/studioasario.fr\/index.php\/architectures\/complexe-musical-de-tokyo\/#breadcrumb","itemListElement":[{"@type":"ListItem","position":1,"name":"Home","item":"https:\/\/studioasario.fr\/"},{"@type":"ListItem","position":2,"name":"Architectures","item":"https:\/\/studioasario.fr\/"},{"@type":"ListItem","position":3,"name":"Complexe musical de Tokyo"}]},{"@type":"WebSite","@id":"https:\/\/studioasario.fr\/#website","url":"https:\/\/studioasario.fr\/","name":"Studio Asario","description":"","publisher":{"@id":"https:\/\/studioasario.fr\/#organization"},"potentialAction":[{"@type":"SearchAction","target":{"@type":"EntryPoint","urlTemplate":"https:\/\/studioasario.fr\/?s={search_term_string}"},"query-input":{"@type":"PropertyValueSpecification","valueRequired":true,"valueName":"search_term_string"}}],"inLanguage":"fr-FR"},{"@type":"Organization","@id":"https:\/\/studioasario.fr\/#organization","name":"Studio Asario","url":"https:\/\/studioasario.fr\/","logo":{"@type":"ImageObject","inLanguage":"fr-FR","@id":"https:\/\/studioasario.fr\/#\/schema\/logo\/image\/","url":"https:\/\/studioasario.fr\/wp-content\/uploads\/2021\/04\/studio-asario-210427-1.svg","contentUrl":"https:\/\/studioasario.fr\/wp-content\/uploads\/2021\/04\/studio-asario-210427-1.svg","caption":"Studio Asario"},"image":{"@id":"https:\/\/studioasario.fr\/#\/schema\/logo\/image\/"}}]}},"_links":{"self":[{"href":"https:\/\/studioasario.fr\/index.php\/wp-json\/wp\/v2\/pages\/1058","targetHints":{"allow":["GET"]}}],"collection":[{"href":"https:\/\/studioasario.fr\/index.php\/wp-json\/wp\/v2\/pages"}],"about":[{"href":"https:\/\/studioasario.fr\/index.php\/wp-json\/wp\/v2\/types\/page"}],"author":[{"embeddable":true,"href":"https:\/\/studioasario.fr\/index.php\/wp-json\/wp\/v2\/users\/1"}],"replies":[{"embeddable":true,"href":"https:\/\/studioasario.fr\/index.php\/wp-json\/wp\/v2\/comments?post=1058"}],"version-history":[{"count":5,"href":"https:\/\/studioasario.fr\/index.php\/wp-json\/wp\/v2\/pages\/1058\/revisions"}],"predecessor-version":[{"id":1134,"href":"https:\/\/studioasario.fr\/index.php\/wp-json\/wp\/v2\/pages\/1058\/revisions\/1134"}],"up":[{"embeddable":true,"href":"https:\/\/studioasario.fr\/index.php\/wp-json\/wp\/v2\/pages\/9"}],"wp:featuredmedia":[{"embeddable":true,"href":"https:\/\/studioasario.fr\/index.php\/wp-json\/wp\/v2\/media\/1057"}],"wp:attachment":[{"href":"https:\/\/studioasario.fr\/index.php\/wp-json\/wp\/v2\/media?parent=1058"}],"curies":[{"name":"wp","href":"https:\/\/api.w.org\/{rel}","templated":true}]}}